{"id":1128,"date":"2015-05-08T13:22:48","date_gmt":"2015-05-08T13:22:48","guid":{"rendered":"http:\/\/quanticalabs.com\/wptest\/carservice\/?page_id=4"},"modified":"2022-10-24T13:11:27","modified_gmt":"2022-10-24T11:11:27","slug":"home","status":"publish","type":"page","link":"https:\/\/zulassungsservice-bier.de\/","title":{"rendered":"HOME"},"content":{"rendered":"<p>[vc_row type=&#8220;full-width&#8220;][vc_column top_margin=&#8220;page-margin-top-section&#8220; css=&#8220;.vc_custom_1527014258495{background-image: url(https:\/\/zulassungsservice-bier.de\/wp-content\/uploads\/2018\/05\/AdobeStock_167762570klein.jpg?id=1553) !important;background-position: center !important;background-repeat: no-repeat !important;background-size: cover !important;}&#8220;][vc_row_inner][vc_column_inner width=&#8220;1\/2&#8243;][vc_empty_space][vc_column_text css_animation=&#8220;bounceInDown&#8220; css=&#8220;.vc_custom_1510943624029{margin-top: 0px !important;margin-right: 0px !important;margin-bottom: 0px !important;margin-left: 0px !important;padding-top: 22px !important;padding-right: 22px !important;padding-bottom: 22px !important;padding-left: 22px !important;background-color: #0084b9 !important;}&#8220;]<\/p>\n<h1 style=\"text-align: center;\"><span style=\"color: #ffffff;\">\u00dcberf\u00fchrung &amp; Zulassung<\/span><\/h1>\n<h5 style=\"text-align: center;\"><span style=\"color: #ffffff;\">f\u00fcr Ihren Neu- oder Gebrauchtwagen<\/span><\/h5>\n<p>[\/vc_column_text][vc_empty_space height=&#8220;50&#8243;][\/vc_column_inner][vc_column_inner width=&#8220;1\/2&#8243;][vc_empty_space][vc_empty_space height=&#8220;150&#8243;][vc_column_text css_animation=&#8220;fadeInRightBig&#8220; css=&#8220;.vc_custom_1527007581116{margin-top: 100px !important;margin-right: 0px !important;margin-bottom: 100px !important;margin-left: 0px !important;padding-top: 22px !important;padding-right: 22px !important;padding-bottom: 22px !important;padding-left: 22px !important;background-color: #0084b9 !important;}&#8220;]<\/p>\n<h2 style=\"text-align: center;\"><span style=\"color: #ffffff;\">Wir beraten Sie sehr gerne!<\/span><\/h2>\n<h2 style=\"text-align: center;\"><span style=\"color: #ff9900;\">0731 &#8211; 152 58 50<\/span><\/h2>\n<h5 style=\"text-align: center;\"><\/h5>\n<p>[\/vc_column_text][\/vc_column_inner][\/vc_row_inner][vc_row_inner equal_height=&#8220;yes&#8220; content_placement=&#8220;middle&#8220; top_margin=&#8220;page-margin-top&#8220;][vc_column_inner width=&#8220;1\/3&#8243;][vc_icon icon_fontawesome=&#8220;fa fa-truck&#8220; color=&#8220;white&#8220; background_style=&#8220;rounded&#8220; background_color=&#8220;orange&#8220; size=&#8220;xl&#8220; align=&#8220;center&#8220;][\/vc_column_inner][vc_column_inner width=&#8220;1\/3&#8243;][vc_icon icon_fontawesome=&#8220;fa fa-car&#8220; color=&#8220;white&#8220; background_style=&#8220;rounded&#8220; background_color=&#8220;orange&#8220; size=&#8220;xl&#8220; align=&#8220;center&#8220;][\/vc_column_inner][vc_column_inner width=&#8220;1\/3&#8243;][vc_icon icon_fontawesome=&#8220;fa fa-motorcycle&#8220; color=&#8220;white&#8220; background_style=&#8220;rounded&#8220; background_color=&#8220;orange&#8220; size=&#8220;xl&#8220; align=&#8220;center&#8220;][\/vc_column_inner][\/vc_row_inner][\/vc_column][\/vc_row][vc_row top_margin=&#8220;page-margin-top-section&#8220;][vc_column]<h2 class=\" box-header\">Erfahrung in KFZ-Zulassungen seit 2004 und in KFZ-\u00dcberf\u00fchrungen seit 2012<\/h2>[vc_column_text el_class=&#8220;description align-center&#8220;]Wir bieten unseren gewerblichen und privaten Kunden vollen Service, rund um den Autokauf. Sehr gerne \u00fcberf\u00fchren wir Ihr neues Fahrzeug in ganz Deutschland. Unser Zulassungsservice nimmt Ihnen den Stress und die Unannehmlichkeiten einer Zulassungsstelle ab. Deutschlandweit.<\/p>\n<h4>Wir machen das f\u00fcr Sie!<\/h4>\n<p>[\/vc_column_text][vc_row_inner top_margin=&#8220;page-margin-top&#8220;][vc_column_inner width=&#8220;1\/4&#8243;]<div class=\"feature-item feature-item-big\"><div class=\"hexagon\"><div class=\"sl-small-car\"><\/div><\/div><h4 class=\"box-header\">Zustellung<\/h4><p><\/p>\n<p style=\"text-align: center;\">Gerne \u00fcberf\u00fchren wir Ihr Fahrzeug\u00a0(z.B.: nach vorheriger Zulassung)\u00a0an Ihre Wunschadresse bundesweit<\/p>\n<p><\/p><\/div>[\/vc_column_inner][vc_column_inner width=&#8220;1\/4&#8243;]<div class=\"feature-item feature-item-big\"><div class=\"hexagon\"><div class=\"sl-small-check-shield\"><\/div><\/div><h4 class=\"box-header\">Dokumentensicherheit<\/h4><p>Rufen Sie uns an. Wir beraten Sie sehr gerne zu allen Fragen rund um Ihre KFZ &#8211; Zulassung. So stellen wir sicher, dass Sie uns alle n\u00f6tigen Dokumente f\u00fcr Ihre Zulassung mitbringen. Keine doppelten Wege!<\/p><\/div>[\/vc_column_inner][vc_column_inner width=&#8220;1\/4&#8243;]<div class=\"feature-item feature-item-big\"><div class=\"hexagon\"><div class=\"sl-small-share-time\"><\/div><\/div><h4 class=\"box-header\">Zeit &amp; Nerven sparen!<\/h4><p>Profitieren Sie von unseren flexiblen \u00d6ffnungszeiten und kostenlosen Parkpl\u00e4tzen. Sparen Sie sich Parkplatzsuche und Urlaubstage!<\/p><\/div>[\/vc_column_inner][vc_column_inner width=&#8220;1\/4&#8243;]<div class=\"feature-item feature-item-big\"><div class=\"hexagon\"><div class=\"sl-small-piggy-bank\"><\/div><\/div><h4 class=\"box-header\">Preiswerter Service<\/h4><p><\/p>\n<p style=\"text-align: center;\">Wir bieten Ihnen einen Komplettpreis!<\/p>\n<p style=\"text-align: center;\">Sie erhalten:<\/p>\n<p style=\"text-align: center;\">Zulassung bei der zust\u00e4ndigen Beh\u00f6rde<\/p>\n<p style=\"text-align: center;\">1 Paar neue Kennzeichen<\/p>\n<p><\/p><\/div>[\/vc_column_inner][\/vc_row_inner][\/vc_column][\/vc_row][vc_row type=&#8220;full-width&#8220; el_class=&#8220;align-center margin-top-67 padding-bottom-20&#8243;][vc_column][vc_column_text css_animation=&#8220;zoomIn&#8220; css=&#8220;.vc_custom_1527007597518{padding-top: 30px !important;padding-right: 30px !important;padding-bottom: 30px !important;padding-left: 30px !important;background-color: #0084b9 !important;}&#8220;]<\/p>\n<h1 style=\"text-align: center;\"><span style=\"color: #ffffff;\">Fachkundige Beratung unter \u00a0 0731 &#8211; 152 58 50<\/span><\/h1>\n<p>[\/vc_column_text][\/vc_column][\/vc_row][vc_row type=&#8220;full-width cs-parallax&#8220; content_placement=&#8220;middle&#8220; parallax=&#8220;content-moving-fade&#8220; parallax_image=&#8220;1300&#8243; el_class=&#8220;flex-box&#8220; css=&#8220;.vc_custom_1511936069578{background: #f5f5f5 url(https:\/\/zulassungsservice-bier.de\/wp-content\/uploads\/2017\/11\/ulm-luft-swhp2.jpg?id=1300);}&#8220;][vc_column top_margin=&#8220;page-margin-top-section&#8220; css=&#8220;.vc_custom_1527014283392{background-image: url(https:\/\/zulassungsservice-bier.de\/wp-content\/uploads\/2018\/05\/AdobeStock_177559006klein.jpg?id=1554) !important;background-position: center !important;background-repeat: no-repeat !important;background-size: cover !important;}&#8220;][vc_row_inner type=&#8220;full-width cs-parallax&#8220;][vc_column_inner width=&#8220;1\/2&#8243;][vc_empty_space][vc_column_text css_animation=&#8220;bounceInLeft&#8220; css=&#8220;.vc_custom_1527230306556{margin-right: 0px !important;padding-top: 22px !important;padding-right: 22px !important;padding-bottom: 22px !important;padding-left: 22px !important;background-color: #0084b9 !important;}&#8220;]<\/p>\n<h1 style=\"text-align: center;\"><span style=\"color: #ffffff;\">Unsere Kunden<\/span><\/h1>\n<p style=\"text-align: center;\"><span style=\"color: #ffffff;\">\u00a0Zufriedene Stammkunden zeichnen unsere Arbeit aus.<\/span><\/p>\n<p style=\"text-align: center;\"><span style=\"color: #ffffff;\">Wir sind Stolz darauf, seit vielen Jahren als kompetenter und zuverl\u00e4ssiger Partner f\u00fcr \u00dcberf\u00fchrungen und Zulassungen zu gelten.<\/span><\/p>\n<p style=\"text-align: center;\"><span class=\"xr_tl xr_s10\" style=\"color: #ffffff;\"><span class=\"xr_s11\">Unternehmen<\/span><\/span><\/p>\n<p style=\"text-align: center;\"><span class=\"xr_tl xr_s12\" style=\"color: #ffffff;\">EvoBus<\/span><\/p>\n<p style=\"text-align: center;\"><span class=\"xr_tl xr_s12\" style=\"color: #ffffff;\">Wicona<\/span><\/p>\n<p style=\"text-align: center;\"><span class=\"xr_tl xr_s10\" style=\"color: #ffffff;\"><span class=\"xr_s11\">Autoh\u00e4user<\/span><\/span><\/p>\n<p style=\"text-align: center;\"><span class=\"xr_tl xr_s12\" style=\"color: #ffffff;\">Autohaus Held &amp; Str\u00f6hle Gruppe<\/span><\/p>\n<p style=\"text-align: center;\"><span class=\"xr_tl xr_s12\" style=\"color: #ffffff;\">Autohaus Reisacher Gruppe<\/span><\/p>\n<p style=\"text-align: center;\"><span class=\"xr_tl xr_s12\" style=\"color: #ffffff;\">Autohaus Seitz<\/span><\/p>\n<p style=\"text-align: center;\"><span class=\"xr_tl xr_s12\" style=\"color: #ffffff;\">Autohaus Wuchenauer<\/span><\/p>\n<p style=\"text-align: center;\"><span class=\"xr_tl xr_s12\" style=\"color: #ffffff;\">Autohaus Lindner<\/span><\/p>\n<p style=\"text-align: center;\"><span class=\"xr_tl xr_s12\" style=\"color: #ffffff;\">Autohaus Mader<\/span><\/p>\n<p style=\"text-align: center;\"><span class=\"xr_tl xr_s12\" style=\"color: #ffffff;\">Autohaus Sayler<\/span><\/p>\n<p style=\"text-align: center;\"><span class=\"xr_tl xr_s12\" style=\"color: #ffffff;\">Autohaus Schall<\/span><\/p>\n<p>[\/vc_column_text][vc_empty_space][\/vc_column_inner][vc_column_inner width=&#8220;1\/2&#8243;][\/vc_column_inner][\/vc_row_inner][\/vc_column][\/vc_row][vc_row el_class=&#8220;align-center margin-top-40 padding-bottom-87&#8243;][vc_column type=&#8220;cs-smart-column&#8220; width=&#8220;1\/3&#8243;][vc_empty_space height=&#8220;75&#8243;][vc_round_chart type=&#8220;doughnut&#8220; style=&#8220;custom&#8220; stroke_width=&#8220;1&#8243; tooltips=&#8220;&#8220; values=&#8220;%5B%7B%22title%22%3A%22ca.%201000%20%C3%9Cberf%C3%BChrungen%20pro%20Jahr%22%2C%22value%22%3A%22300%22%2C%22color%22%3A%22blue%22%2C%22custom_color%22%3A%22%230084b9%22%7D%2C%7B%22value%22%3A%2250%22%2C%22color%22%3A%22grey%22%2C%22custom_color%22%3A%22%23ffffff%22%7D%5D&#8220; animation=&#8220;easeOutQuart&#8220;][\/vc_column][vc_column width=&#8220;1\/3&#8243;][vc_empty_space height=&#8220;75&#8243;][vc_round_chart type=&#8220;doughnut&#8220; style=&#8220;custom&#8220; stroke_width=&#8220;1&#8243; tooltips=&#8220;&#8220; values=&#8220;%5B%7B%22title%22%3A%22ca.%2015.000%20Zulassungen%20pro%20Jahr%22%2C%22value%22%3A%22300%22%2C%22color%22%3A%22blue%22%2C%22custom_color%22%3A%22%23dd9933%22%7D%2C%7B%22value%22%3A%2210%22%2C%22color%22%3A%22grey%22%2C%22custom_color%22%3A%22%23ffffff%22%7D%5D&#8220; animation=&#8220;easeOutQuart&#8220;][\/vc_column][vc_column width=&#8220;1\/3&#8243;][vc_empty_space height=&#8220;75&#8243;][vc_round_chart type=&#8220;doughnut&#8220; style=&#8220;custom&#8220; stroke_width=&#8220;1&#8243; tooltips=&#8220;&#8220; values=&#8220;%5B%7B%22title%22%3A%2230%20%20Mitarbeiter%22%2C%22value%22%3A%22300%22%2C%22color%22%3A%22blue%22%2C%22custom_color%22%3A%22%2381d742%22%7D%2C%7B%22value%22%3A%22140%22%2C%22color%22%3A%22grey%22%2C%22custom_color%22%3A%22%23ffffff%22%7D%5D&#8220; animation=&#8220;easeOutQuart&#8220;][\/vc_column][\/vc_row][vc_row top_margin=&#8220;page-margin-top-section&#8220;][vc_column][vc_empty_space]<h2 class=\" box-header\">Sprechen Sie uns an!<\/h2>[vc_empty_space height=&#8220;50&#8243;][\/vc_column][\/vc_row]<\/p>\n","protected":false},"excerpt":{"rendered":"<p>[vc_row type=&#8220;full-width&#8220;][vc_column top_margin=&#8220;page-margin-top-section&#8220; css=&#8220;.vc_custom_1527014258495{background-image: url(https:\/\/zulassungsservice-bier.de\/wp-content\/uploads\/2018\/05\/AdobeStock_167762570klein.jpg?id=1553) !important;background-position: center !important;background-repeat: no-repeat !important;background-size: cover !important;}&#8220;][vc_row_inner][vc_column_inner width=&#8220;1\/2&#8243;][vc_empty_space][vc_column_text css_animation=&#8220;bounceInDown&#8220; css=&#8220;.vc_custom_1510943624029{margin-top: 0px !important;margin-right: 0px !important;margin-bottom: 0px !important;margin-left: 0px !important;padding-top: 22px !important;padding-right: 22px !important;padding-bottom: 22px !important;padding-left: 22px !important;background-color: #0084b9 !important;}&#8220;] \u00dcberf\u00fchrung &amp; Zulassung f\u00fcr Ihren Neu- oder Gebrauchtwagen [\/vc_column_text][vc_empty_space height=&#8220;50&#8243;][\/vc_column_inner][vc_column_inner width=&#8220;1\/2&#8243;][vc_empty_space][vc_empty_space height=&#8220;150&#8243;][vc_column_text css_animation=&#8220;fadeInRightBig&#8220; css=&#8220;.vc_custom_1527007581116{margin-top: 100px !important;margin-right: 0px !important;margin-bottom: 100px !important;margin-left: 0px !important;padding-top:<\/p>\n","protected":false},"author":2,"featured_media":0,"parent":0,"menu_order":0,"comment_status":"open","ping_status":"open","template":"template-default-without-breadcrumbs.php","meta":{"_custom_body_class":"","_custom_post_class":"","footnotes":""},"_links":{"self":[{"href":"https:\/\/zulassungsservice-bier.de\/index.php\/wp-json\/wp\/v2\/pages\/1128"}],"collection":[{"href":"https:\/\/zulassungsservice-bier.de\/index.php\/wp-json\/wp\/v2\/pages"}],"about":[{"href":"https:\/\/zulassungsservice-bier.de\/index.php\/wp-json\/wp\/v2\/types\/page"}],"author":[{"embeddable":true,"href":"https:\/\/zulassungsservice-bier.de\/index.php\/wp-json\/wp\/v2\/users\/2"}],"replies":[{"embeddable":true,"href":"https:\/\/zulassungsservice-bier.de\/index.php\/wp-json\/wp\/v2\/comments?post=1128"}],"version-history":[{"count":60,"href":"https:\/\/zulassungsservice-bier.de\/index.php\/wp-json\/wp\/v2\/pages\/1128\/revisions"}],"predecessor-version":[{"id":2070,"href":"https:\/\/zulassungsservice-bier.de\/index.php\/wp-json\/wp\/v2\/pages\/1128\/revisions\/2070"}],"wp:attachment":[{"href":"https:\/\/zulassungsservice-bier.de\/index.php\/wp-json\/wp\/v2\/media?parent=1128"}],"curies":[{"name":"wp","href":"https:\/\/api.w.org\/{rel}","templated":true}]}}