{"id":1287,"date":"2017-11-27T19:12:03","date_gmt":"2017-11-27T18:12:03","guid":{"rendered":"https:\/\/zulassungsservice-bier.de\/?page_id=1287"},"modified":"2021-07-16T16:28:18","modified_gmt":"2021-07-16T14:28:18","slug":"leistungen","status":"publish","type":"page","link":"https:\/\/zulassungsservice-bier.de\/index.php\/leistungen\/","title":{"rendered":"Leistungen"},"content":{"rendered":"<p>[vc_row][vc_column][vc_row_inner content_placement=&#8220;middle&#8220; css=&#8220;.vc_custom_1527234967170{background-position: 0 0 !important;background-repeat: no-repeat !important;}&#8220;][vc_column_inner][vc_column_text css=&#8220;.vc_custom_1527240428185{padding-top: 44px !important;}&#8220;]<\/p>\n<h2 style=\"text-align: left;\"><strong><span style=\"color: #0084b9;\">Unsere Leistungen f\u00fcr Ihre Zulassung &amp; \u00dcberf\u00fchrung<\/span><\/strong><\/h2>\n<p>[\/vc_column_text][vc_empty_space][\/vc_column_inner][\/vc_row_inner][vc_tta_tour][vc_tta_section title=&#8220;Preise KFZ &#8211; Zulassung&#8220; tab_id=&#8220;1527103561130-33c3aa0d-402a&#8220;][vc_column_text]<\/p>\n<h5><span style=\"color: #808080;\">Preise Kfz-Zulassung<\/span><b><\/b><\/h5>\n<h6><span style=\"color: #808080;\">Zulassung bei der zust\u00e4ndigen Beh\u00f6rde<\/span><\/h6>\n<h6><span style=\"color: #808080;\"><b>im Stadtgebiet Ulm und Neu-Ulm<\/b><\/span><\/h6>\n<h6><span style=\"color: #808080;\">sowie<\/span><\/h6>\n<h6><span style=\"color: #808080;\">Preise f\u00fcr weitere Landkreise<\/span><\/h6>\n<h6><span style=\"color: #808080;\">bundesweit, nennen wir Ihnen<span class=\"Apple-converted-space\">\u00a0<\/span>gerne auf Anfrage.<\/span><\/h6>\n<h6><span style=\"color: #808080;\">F\u00fcr Autoh\u00e4user und Gro\u00dfkunden\u00a0erstellen wir gerne ein individuelles\u00a0Angebot! Bitte setzen Sie sich\u00a0mit uns in Verbindung und\u00a0profitieren Sie von unserem Service.<\/span><\/h6>\n<p>[\/vc_column_text][\/vc_tta_section][vc_tta_section title=&#8220;Geb\u00fchren Beh\u00f6rde&#8220; tab_id=&#8220;1527103561131-9ae610d5-9110&#8243;][vc_empty_space][vc_column_text]<\/p>\n<h1 class=\"xr_s8\"><span class=\"xr_tl xr_s8\" style=\"color: #808080;\">Geb\u00fchren f\u00fcr Leistungen der KFZ-Zulassungsbeh\u00f6rde<\/span><\/h1>\n<div><\/div>\n<p>[\/vc_column_text][vc_empty_space][vc_column_text]<\/p>\n<h5 class=\"xr_s13\"><span style=\"color: #808080;\"><span class=\"xr_tl xr_s11\">Die Preise variieren je nach Zulassungsstelle, wir weisen Ihnen den zu zahlenden Betrag mit dem <\/span><span class=\"xr_tl xr_s11\">Originalbeleg der Zulassungsstelle nach. Angaben ohne Gew\u00e4hr!<\/span><\/span><\/h5>\n<div><\/div>\n<p>[\/vc_column_text][vc_column_text]<span style=\"color: #808080;\"><span class=\"xr_tl xr_s11\">Es handelt sich bei der folgenden Auflistung nur um eine Auswahl der wichtigsten Geb\u00fchren. <\/span><span class=\"xr_tl xr_s11\">Ggf. fallen noch zus\u00e4tzliche Geb\u00fchren f\u00fcr die Ausstellung von Fahrzeugpapieren oder zus\u00e4tzlich <\/span><span class=\"xr_tl xr_s11\">vorzunehmende\u00a0 \u00c4nderungen an.\u00a0 <\/span><span class=\"xr_tl xr_s11\">S\u00e4mtliche Angaben verstehen sich ohne Kennzeichenschilder. <\/span><span class=\"xr_tl xr_s11\">F\u00fcr zulassungsfreie Fahrzeuge (z.B. Leichtkraftr\u00e4der, Sportanh\u00e4nger, Arbeitsmaschinen) gelten <\/span><span class=\"xr_tl xr_s11\">zum Teil andere Geb\u00fchren.<\/span><\/span>[\/vc_column_text][vc_empty_space][vc_column_text]\n<table id=\"tablepress-20\" class=\"tablepress tablepress-id-20\">\n<thead>\n<tr class=\"row-1 odd\">\n\t<th class=\"column-1\">Vorgang<\/th><th class=\"column-2\">Euro<\/th><th class=\"column-3\"><\/th><th class=\"column-4\">Euro<\/th>\n<\/tr>\n<\/thead>\n<tbody class=\"row-hover\">\n<tr class=\"row-2 even\">\n\t<td class=\"column-1\">Zulassung auf Serienkennzeichen (Neufahrzeuge)<\/td><td class=\"column-2\">27.60\u20ac<\/td><td class=\"column-3\">bis<\/td><td class=\"column-4\">30.20\u20ac<\/td>\n<\/tr>\n<tr class=\"row-3 odd\">\n\t<td class=\"column-1\">Zulassung auf Wunschkennzeichen (Neufahrzeuge)<\/td><td class=\"column-2\">37.80\u20ac<\/td><td class=\"column-3\">bis<\/td><td class=\"column-4\">40.40\u20ac<\/td>\n<\/tr>\n<tr class=\"row-4 even\">\n\t<td class=\"column-1\">Wiederinbetriebnahme<\/td><td class=\"column-2\">ab 11,70 \u20ac<\/td><td class=\"column-3\">bis<\/td><td class=\"column-4\"><\/td>\n<\/tr>\n<tr class=\"row-5 odd\">\n\t<td class=\"column-1\">Umkennzeichnung<\/td><td class=\"column-2\">27.60\u20ac<\/td><td class=\"column-3\">bis<\/td><td class=\"column-4\">43,00\u20ac<\/td>\n<\/tr>\n<tr class=\"row-6 even\">\n\t<td class=\"column-1\">Au\u00dferbetriebsetzung<\/td><td class=\"column-2\">7.50\u20ac<\/td><td class=\"column-3\">bis<\/td><td class=\"column-4\">7.80\u20ac<\/td>\n<\/tr>\n<tr class=\"row-7 odd\">\n\t<td class=\"column-1\">Au\u00dferbetriebsetzung mit Reservierung<\/td><td class=\"column-2\"><\/td><td class=\"column-3\">+<\/td><td class=\"column-4\">2.60\u20ac<\/td>\n<\/tr>\n<tr class=\"row-8 even\">\n\t<td class=\"column-1\">Kurzzeitkennzeichen (5 Tage g\u00fcltig)<\/td><td class=\"column-2\"><\/td><td class=\"column-3\"><\/td><td class=\"column-4\">13.10\u20ac<\/td>\n<\/tr>\n<tr class=\"row-9 odd\">\n\t<td class=\"column-1\">Nachstempelung<\/td><td class=\"column-2\"><\/td><td class=\"column-3\"><\/td><td class=\"column-4\">2.60\u20ac<\/td>\n<\/tr>\n<tr class=\"row-10 even\">\n\t<td class=\"column-1\">pro Plakette<\/td><td class=\"column-2\">0.50\u20ac<\/td><td class=\"column-3\">bis<\/td><td class=\"column-4\">1.20\u20ac<\/td>\n<\/tr>\n<tr class=\"row-11 odd\">\n\t<td class=\"column-1\">Technische \u00c4nderung<\/td><td class=\"column-2\">10.20\u20ac<\/td><td class=\"column-3\">bis<\/td><td class=\"column-4\">27.60\u20ac<\/td>\n<\/tr>\n<tr class=\"row-12 even\">\n\t<td class=\"column-1\">Adress\u00e4nderung<\/td><td class=\"column-2\">ab 11,70 \u20ac<\/td><td class=\"column-3\"><\/td><td class=\"column-4\"><\/td>\n<\/tr>\n<tr class=\"row-13 odd\">\n\t<td class=\"column-1\">Ausfuhrkennzeichen (variable Dauer ab 15 Tagen)<\/td><td class=\"column-2\">34.50\u20ac<\/td><td class=\"column-3\">bis<\/td><td class=\"column-4\">48.20\u20ac<\/td>\n<\/tr>\n<\/tbody>\n<\/table>\n<!-- #tablepress-20 from cache -->[\/vc_column_text][\/vc_tta_section][vc_tta_section title=&#8220;Versicherungen&#8220; tab_id=&#8220;1527103620293-ef10960f-304e&#8220;][vc_column_text]<\/p>\n<h5><span style=\"color: #808080;\">Versicherungen<\/span><\/h5>\n<p>&nbsp;<\/p>\n<h6><span style=\"color: #808080;\">Kurzzeitversicherung 5 Tage\u00a0<\/span><span style=\"color: #808080;\">(nur Haftpflicht)<\/span><\/h6>\n<h6><span style=\"color: #808080;\">Ausfuhrversicherung\u00a0<\/span><span style=\"color: #808080;\">(nur Haftpflicht)<\/span><\/h6>\n<h6><span style=\"color: #808080;\">15 Tage<\/span><\/h6>\n<h6><span style=\"color: #808080;\">30 Tage<\/span><\/h6>\n<h6><span style=\"color: #808080;\">l\u00e4ngere Laufzeiten auf Anfrage<\/span><\/h6>\n<p>[\/vc_column_text][\/vc_tta_section][vc_tta_section title=&#8220;Kennzeichenherstellung&#8220; tab_id=&#8220;1527103621699-dd981930-3aac&#8220;][vc_column_text]<\/p>\n<h5><span style=\"color: #808080;\">Kennzeichenherstellung<\/span><\/h5>\n<p>&nbsp;<\/p>\n<ul>\n<li>\n<h6><span style=\"color: #808080;\">PKW-Kennzeichen<\/span><\/h6>\n<\/li>\n<li>\n<h6><span style=\"color: #808080;\">LKW-Kennzeichen<\/span><\/h6>\n<\/li>\n<li>\n<h6><span style=\"color: #808080;\">Krad<\/span><\/h6>\n<\/li>\n<li>\n<h6><span style=\"color: #808080;\">L-Krad<\/span><\/h6>\n<\/li>\n<li>\n<h6><span style=\"color: #808080;\">Kurzzeitkennzeichen<\/span><\/h6>\n<\/li>\n<li>\n<h6><span style=\"color: #808080;\">Ausfuhrkennzeichen<\/span><\/h6>\n<\/li>\n<li>\n<h6><span style=\"color: #808080;\">Funschilder<\/span><\/h6>\n<\/li>\n<li>\n<h6><span style=\"color: #808080;\">Parkplatzschilder<\/span><\/h6>\n<\/li>\n<li>\n<h6><span style=\"color: #808080;\">Halterung f\u00fcr Parkplatzschilder<\/span><\/h6>\n<\/li>\n<li>\n<h6><span style=\"color: #808080;\">Halterung f\u00fcr PKW-Kennzeichen<\/span><\/h6>\n<\/li>\n<\/ul>\n<h6><span style=\"color: #808080;\">F\u00fcr Autoh\u00e4user und Gro\u00dfkunden\u00a0<\/span><span style=\"color: #808080;\">erstellen wir gerne ein individuelles\u00a0<\/span><span style=\"color: #808080;\">Angebot! Bitte setzen Sie sich\u00a0<\/span><span style=\"color: #808080;\">mit uns in Verbindung und\u00a0<\/span><span style=\"color: #808080;\">profitieren Sie von unserem Service.<\/span><\/h6>\n<p>[\/vc_column_text][\/vc_tta_section][vc_tta_section title=&#8220;Preise KFZ &#8211; \u00dcberf\u00fchrung auf Achse&#8220; tab_id=&#8220;1527103623834-4adf6aa4-0c46&#8243;][vc_column_text]<\/p>\n<h5><span style=\"color: #808080;\">Preise Kfz-\u00dcberf\u00fchrung auf Achse<\/span><\/h5>\n<p><b>auf Anfrage<\/b><\/p>\n<p><b>Inklusivleistungen bei Abholung im Stadtgebiet Ulm und Neu-Ulm und Zustellung bundesweit:<\/b><\/p>\n<h6><span style=\"color: #808080;\">Protokollierung des Fahrzeuges<\/span><\/h6>\n<h6><span style=\"color: #808080;\">\u00dcbergabe und Einweisung bis 30 Minuten<\/span><\/h6>\n<h6><span style=\"color: #808080;\">Auftragserf\u00fcllung mit unseren roten Kennzeichen (inkl. Vollkaskoversicherung)<\/span><\/h6>\n<h6><span style=\"color: #808080;\">Preise f\u00fcr weitere Landkreise\u00a0<\/span><span style=\"color: #808080;\">bundesweit, nennen wir Ihnen<span class=\"Apple-converted-space\">\u00a0\u00a0<\/span><\/span><span style=\"color: #808080;\">gerne auf Anfrage.<\/span><\/h6>\n<h6><span style=\"color: #808080;\">F\u00fcr Autoh\u00e4user und Gro\u00dfkunden\u00a0<\/span><span style=\"color: #808080;\">erstellen wir gerne ein individuelles\u00a0<\/span><span style=\"color: #808080;\">Angebot! Bitte setzen Sie sich\u00a0<\/span><span style=\"color: #808080;\">mit uns in Verbindung und\u00a0<\/span><span style=\"color: #808080;\">profitieren Sie von unserem Service.<\/span><\/h6>\n<p>[\/vc_column_text][\/vc_tta_section][vc_tta_section title=&#8220;Preise KFZ &#8211; \u00dcberf\u00fchrung auf H\u00e4nger&#8220; tab_id=&#8220;1527103625983-e638140d-b424&#8243;][vc_column_text]<\/p>\n<h5><span style=\"color: #808080;\">Preise Kfz-\u00dcberf\u00fchrung auf H\u00e4nger<\/span><\/h5>\n<p><b>auf Anfrage<\/b><\/p>\n<p><b>Inklusivleistungen bei Abholung im Stadtgebiet Ulm und Neu-Ulm und Zustellung bundesweit:<\/b><\/p>\n<h6><span style=\"color: #808080;\">Protokollierung des Fahrzeuges<\/span><\/h6>\n<h6><span style=\"color: #808080;\">\u00dcbergabe und Einweisung bis 30 Minuten<\/span><\/h6>\n<h6><span style=\"color: #808080;\">Vollkaskoversicherung<\/span><\/h6>\n<h6><span style=\"color: #808080;\">Preise f\u00fcr weitere Landkreise<\/span><\/h6>\n<h6><span style=\"color: #808080;\">bundesweit, nennen wir Ihnen<span class=\"Apple-converted-space\">\u00a0<\/span><\/span><\/h6>\n<h6><span style=\"color: #808080;\">gerne auf Anfrage.<\/span><\/h6>\n<h6><span style=\"color: #808080;\">F\u00fcr Autoh\u00e4user und Gro\u00dfkunden<\/span><\/h6>\n<h6><span style=\"color: #808080;\">erstellen wir gerne ein individuelles<\/span><\/h6>\n<h6><span style=\"color: #808080;\">Angebot! Bitte setzen Sie sich<\/span><\/h6>\n<h6><span style=\"color: #808080;\">mit uns in Verbindung und<\/span><\/h6>\n<h6><span style=\"color: #808080;\">profitieren Sie von unserem Service.<\/span><\/h6>\n<p>[\/vc_column_text][\/vc_tta_section][\/vc_tta_tour][\/vc_column][vc_column][\/vc_column][\/vc_row]<\/p>\n","protected":false},"excerpt":{"rendered":"<p>[vc_row][vc_column][vc_row_inner content_placement=&#8220;middle&#8220; css=&#8220;.vc_custom_1527234967170{background-position: 0 0 !important;background-repeat: no-repeat !important;}&#8220;][vc_column_inner][vc_column_text css=&#8220;.vc_custom_1527240428185{padding-top: 44px !important;}&#8220;] Unsere Leistungen f\u00fcr Ihre Zulassung &amp; \u00dcberf\u00fchrung [\/vc_column_text][vc_empty_space][\/vc_column_inner][\/vc_row_inner][vc_tta_tour][vc_tta_section title=&#8220;Preise KFZ &#8211; Zulassung&#8220; tab_id=&#8220;1527103561130-33c3aa0d-402a&#8220;][vc_column_text] Preise Kfz-Zulassung Zulassung bei der zust\u00e4ndigen Beh\u00f6rde im Stadtgebiet Ulm und Neu-Ulm sowie Preise f\u00fcr weitere Landkreise bundesweit, nennen wir Ihnen\u00a0gerne auf Anfrage. F\u00fcr Autoh\u00e4user und Gro\u00dfkunden\u00a0erstellen wir gerne ein individuelles\u00a0Angebot!<\/p>\n","protected":false},"author":2,"featured_media":0,"parent":0,"menu_order":0,"comment_status":"closed","ping_status":"closed","template":"template-default-without-breadcrumbs.php","meta":{"_custom_body_class":"","_custom_post_class":"","footnotes":""},"_links":{"self":[{"href":"https:\/\/zulassungsservice-bier.de\/index.php\/wp-json\/wp\/v2\/pages\/1287"}],"collection":[{"href":"https:\/\/zulassungsservice-bier.de\/index.php\/wp-json\/wp\/v2\/pages"}],"about":[{"href":"https:\/\/zulassungsservice-bier.de\/index.php\/wp-json\/wp\/v2\/types\/page"}],"author":[{"embeddable":true,"href":"https:\/\/zulassungsservice-bier.de\/index.php\/wp-json\/wp\/v2\/users\/2"}],"replies":[{"embeddable":true,"href":"https:\/\/zulassungsservice-bier.de\/index.php\/wp-json\/wp\/v2\/comments?post=1287"}],"version-history":[{"count":27,"href":"https:\/\/zulassungsservice-bier.de\/index.php\/wp-json\/wp\/v2\/pages\/1287\/revisions"}],"predecessor-version":[{"id":2068,"href":"https:\/\/zulassungsservice-bier.de\/index.php\/wp-json\/wp\/v2\/pages\/1287\/revisions\/2068"}],"wp:attachment":[{"href":"https:\/\/zulassungsservice-bier.de\/index.php\/wp-json\/wp\/v2\/media?parent=1287"}],"curies":[{"name":"wp","href":"https:\/\/api.w.org\/{rel}","templated":true}]}}