{"id":1673,"date":"2019-01-11T05:44:27","date_gmt":"2019-01-11T04:44:27","guid":{"rendered":"https:\/\/zulassungsservice-bier.de\/?page_id=1673"},"modified":"2019-11-15T10:18:35","modified_gmt":"2019-11-15T09:18:35","slug":"bewerbungen","status":"publish","type":"page","link":"https:\/\/zulassungsservice-bier.de\/index.php\/bewerbungen\/","title":{"rendered":"Bewerbungen"},"content":{"rendered":"<p>[vc_row][vc_column width=&#8220;2\/3&#8243;][\/vc_column][vc_column width=&#8220;1\/3&#8243;][\/vc_column][\/vc_row][vc_row top_margin=&#8220;page-margin-top-section&#8220; full_height=&#8220;yes&#8220; parallax=&#8220;content-moving-fade&#8220; parallax_image=&#8220;1554&#8243;][vc_column][vc_column_text css=&#8220;.vc_custom_1547185735801{margin-top: 44px !important;margin-right: 44px !important;margin-bottom: 44px !important;margin-left: 44px !important;padding-top: 55px !important;padding-right: 55px !important;padding-bottom: 55px !important;padding-left: 55px !important;background-color: rgba(255,255,255,0.74) !important;*background-color: rgb(255,255,255) !important;}&#8220;]<\/p>\n<h5 style=\"text-align: center;\"><span style=\"font-size: 36pt;\"><span style=\"color: #0084b9;\"><span style=\"caret-color: #0084b9;\">Jetzt bewerben!<\/span><\/span><\/span><\/h5>\n<p>[\/vc_column_text][vc_empty_space height=&#8220;88&#8243;][vc_column_text css=&#8220;.vc_custom_1573807302283{margin-top: 44px !important;margin-right: 44px !important;margin-bottom: 44px !important;margin-left: 44px !important;padding-top: 55px !important;padding-right: 55px !important;padding-bottom: 55px !important;padding-left: 55px !important;background-color: rgba(255,255,255,0.74) !important;*background-color: rgb(255,255,255) !important;}&#8220;]<\/p>\n<h5><span style=\"color: #0084b9;\">Wir sind eine kunterbunte Truppe herzlicher und aufrichtiger Menschen. Menschlichkeit steht bei uns im Mittelpunkt und ein wertsch\u00e4tzender Umgang ist f\u00fcr uns das A und O \u2013 egal, ob im Kundenkontakt oder im Austausch mit Kollegen oder Vorgesetzten. Hier hilft jeder jedem.<\/span><\/h5>\n<p>[\/vc_column_text][\/vc_column][\/vc_row][vc_row][vc_column][vc_empty_space height=&#8220;99&#8243;][vc_column_text]<\/p>\n<hr \/>\n<p>Wir suchen dich ab sofort:<\/p>\n<h2><strong>Fahrer f\u00fcr Fahrzeug\u00fcberf\u00fchrungen (w\/m\/d) <\/strong><br \/>\nin Vollzeit f\u00fcr unseren Standort Ulm\/Donau<\/h2>\n<h4><strong><u>DEINE AUFGABEN:<\/u><\/strong><\/h4>\n<ul>\n<li><strong>Abholung und Zustellung von Fahrzeugen beim Kunden bundesweit<\/strong><\/li>\n<li><strong>Zulassen von Fahrzeugen bei den zust\u00e4ndigen Kfz-Zulassungsstellen<\/strong><\/li>\n<li><strong>\u00dcbergabeprotokolle erstellen<\/strong><\/li>\n<\/ul>\n<h4><strong><u>DEIN PROFIL:<\/u><\/strong><\/h4>\n<ul>\n<li>eine abgeschlossene Berufsausbildung mit Berufserfahrung w\u00e4re w\u00fcnschenswert<\/li>\n<li>Spa\u00df am Autofahren und eventuell Erfahrung im Kfz-Bereich<\/li>\n<li><strong>strukturiertes Denken<\/strong> und eine <strong>pr\u00e4zise Arbeitsweise<\/strong> mit einem hohen Ma\u00df an Eigeninitiative<\/li>\n<li>freundliches und gepflegtes Auftreten<\/li>\n<li>gute Deutschkenntnisse in Wort und Schrift<\/li>\n<li>einwandfreies F\u00fchrungszeugnis, sauberes Punktekonto in Flensburg und g\u00fcltiger F\u00fchrerschein (idealerweise CE f\u00fcr Nutzfahrzeugzustellung)<\/li>\n<li>Sichere und umsichtige Fahrweise<\/li>\n<\/ul>\n<h4><strong><u>UNSER ANGEBOT AN DICH:<\/u><\/strong><\/h4>\n<ul>\n<li>eine leistungsbezogene Bezahlung<\/li>\n<li>eine individuelle und strukturierte Einarbeitung<\/li>\n<li><strong>dynamisches Team mit angenehmen Betriebsklima<\/strong><\/li>\n<li>Vorteile eines lebendigen mittelst\u00e4ndischen Unternehmens mit Platz f\u00fcr individuelle <strong>Gestaltungsfreir\u00e4ume<\/strong> und flachen Hierarchien.<\/li>\n<\/ul>\n<hr \/>\n<p>Wir suchen dich ab sofort:<\/p>\n<h2><strong>Mobile Einsatzkraft (w\/m\/d) f\u00fcr den Kfz-Zulassungsservice<br \/>\n<\/strong>in Vollzeit f\u00fcr unseren Standort Ulm\/Donau<\/h2>\n<h4><strong><u>DEINE AUFGABEN:<\/u><\/strong><\/h4>\n<ul>\n<li><strong>Erster Ansprechpartner<\/strong> f\u00fcr unsere <strong>Auftraggeber<\/strong> im Tagesgesch\u00e4ft<\/li>\n<li><strong>Abholung und Zustellung von Unterlagen beim Kunden<\/strong><\/li>\n<li><strong>Zulassen und Zustellen von Fahrzeugen<\/strong><\/li>\n<li>Herstellen von Kfz-Kennzeichen<\/li>\n<\/ul>\n<h4><strong><u>DEIN PROFIL:<\/u><\/strong><\/h4>\n<ul>\n<li>eine abgeschlossene Berufsausbildung mit Berufserfahrung w\u00e4re w\u00fcnschenswert<\/li>\n<li>Spa\u00df am Autofahren und eventuell Erfahrung im Kfz-Bereich<\/li>\n<li><strong>strukturiertes Denken<\/strong> und eine <strong>pr\u00e4zise Arbeitsweise<\/strong> mit einem hohen Ma\u00df an Eigeninitiative<\/li>\n<li>gute Deutschkenntnisse in Wort und Schrift<\/li>\n<li>ein g\u00fcltiger PKW-F\u00fchrerschein und Ortskenntnis<\/li>\n<\/ul>\n<h4><strong><u>UNSER ANGEBOT AN DICH:<\/u><\/strong><\/h4>\n<ul>\n<li>eine leistungsbezogene Bezahlung<\/li>\n<li>eine individuelle und strukturierte Einarbeitung<\/li>\n<li><strong>dynamisches Team mit angenehmen Betriebsklima<\/strong><\/li>\n<li>Vorteile eines lebendigen mittelst\u00e4ndischen Unternehmens mit Platz f\u00fcr individuelle <strong>Gestaltungsfreir\u00e4ume<\/strong> und flachen Hierarchien<\/li>\n<li>Wir stellen Poolfahrzeug und Smartphone zur betrieblichen Nutzung<\/li>\n<\/ul>\n<hr \/>\n<p>Du bist interessiert? Dann \u00fcbersende uns deine aussagekr\u00e4ftigen Bewerbungsunterlagen mit Gehaltsvorstellung und fr\u00fchestm\u00f6glichem Startdatum an: <a href=\"mailto:bewerbung@zulassungsservice-bier.de\">bewerbung@zulassungsservice-bier.de<\/a><\/p>\n<p>Datenschutzhinweise f\u00fcr Bewerber: <a href=\"https:\/\/zulassungsservice-bier.de\/index.php\/datenschutz\/\">https:\/\/zulassungsservice-bier.de\/index.php\/datenschutz\/<\/a>[\/vc_column_text][\/vc_column][\/vc_row][vc_row][vc_column][vc_empty_space height=&#8220;111&#8243;][\/vc_column][\/vc_row]<\/p>\n","protected":false},"excerpt":{"rendered":"<p>[vc_row][vc_column width=&#8220;2\/3&#8243;][\/vc_column][vc_column width=&#8220;1\/3&#8243;][\/vc_column][\/vc_row][vc_row top_margin=&#8220;page-margin-top-section&#8220; full_height=&#8220;yes&#8220; parallax=&#8220;content-moving-fade&#8220; parallax_image=&#8220;1554&#8243;][vc_column][vc_column_text css=&#8220;.vc_custom_1547185735801{margin-top: 44px !important;margin-right: 44px !important;margin-bottom: 44px !important;margin-left: 44px !important;padding-top: 55px !important;padding-right: 55px !important;padding-bottom: 55px !important;padding-left: 55px !important;background-color: rgba(255,255,255,0.74) !important;*background-color: rgb(255,255,255) !important;}&#8220;] Jetzt bewerben! [\/vc_column_text][vc_empty_space height=&#8220;88&#8243;][vc_column_text css=&#8220;.vc_custom_1573807302283{margin-top: 44px !important;margin-right: 44px !important;margin-bottom: 44px !important;margin-left: 44px !important;padding-top: 55px !important;padding-right: 55px !important;padding-bottom: 55px !important;padding-left: 55px !important;background-color: rgba(255,255,255,0.74) !important;*background-color: rgb(255,255,255) !important;}&#8220;] Wir sind<\/p>\n","protected":false},"author":2,"featured_media":0,"parent":0,"menu_order":0,"comment_status":"closed","ping_status":"closed","template":"template-default-without-breadcrumbs.php","meta":{"_custom_body_class":"","_custom_post_class":"","footnotes":""},"_links":{"self":[{"href":"https:\/\/zulassungsservice-bier.de\/index.php\/wp-json\/wp\/v2\/pages\/1673"}],"collection":[{"href":"https:\/\/zulassungsservice-bier.de\/index.php\/wp-json\/wp\/v2\/pages"}],"about":[{"href":"https:\/\/zulassungsservice-bier.de\/index.php\/wp-json\/wp\/v2\/types\/page"}],"author":[{"embeddable":true,"href":"https:\/\/zulassungsservice-bier.de\/index.php\/wp-json\/wp\/v2\/users\/2"}],"replies":[{"embeddable":true,"href":"https:\/\/zulassungsservice-bier.de\/index.php\/wp-json\/wp\/v2\/comments?post=1673"}],"version-history":[{"count":41,"href":"https:\/\/zulassungsservice-bier.de\/index.php\/wp-json\/wp\/v2\/pages\/1673\/revisions"}],"predecessor-version":[{"id":2062,"href":"https:\/\/zulassungsservice-bier.de\/index.php\/wp-json\/wp\/v2\/pages\/1673\/revisions\/2062"}],"wp:attachment":[{"href":"https:\/\/zulassungsservice-bier.de\/index.php\/wp-json\/wp\/v2\/media?parent=1673"}],"curies":[{"name":"wp","href":"https:\/\/api.w.org\/{rel}","templated":true}]}}