{"id":62,"date":"2017-11-14T19:59:24","date_gmt":"2017-11-14T18:59:24","guid":{"rendered":"https:\/\/zulassungsservice-bier.de\/?page_id=62"},"modified":"2020-11-12T16:03:55","modified_gmt":"2020-11-12T15:03:55","slug":"kontakt","status":"publish","type":"page","link":"https:\/\/zulassungsservice-bier.de\/index.php\/kontakt\/","title":{"rendered":"KONTAKT"},"content":{"rendered":"<p>[vc_row][vc_column][vc_empty_space height=&#8220;50&#8243;][vc_column_text]<\/p>\n<h2>Wir beraten Sie sehr gerne!<\/h2>\n<p>&nbsp;<\/p>\n<h4>Telefon \u00a0 \u00a0 \u00a0 \u00a00731 &#8211; 152 58 50<\/h4>\n<h4>Fax \u00a0 \u00a0 \u00a0 \u00a0 \u00a0 \u00a0 \u00a0 0731 &#8211; 152 58 52<\/h4>\n<h4>E-Mail \u00a0 \u00a0 \u00a0 \u00a0 info@zulassungsservice-bier.de<\/h4>\n<p>[\/vc_column_text][vc_empty_space height=&#8220;100&#8243;][vc_column_text]Mit dem Absenden des Kontoaktformulars stimmen Sie der verschl\u00fcsselten \u00dcbertragung Ihrer angegeben Daten und deren Nutzung durch zum Zwecke der Antwort auf Ihr Anliegen zu. Ausf\u00fchrliche Details und Ihre Rechte im Bezug auf Ihre bei uns gespeicherten Daten finden Sie in der <a href=\"https:\/\/zulassungsservice-bier.de\/index.php\/datenschutz\/\">Datenschutzerkl\u00e4rung<\/a>.[\/vc_column_text]<form class=\"contact-form \" id=\"contact_form\" method=\"post\" action=\"#\">\r\n\t\t<div class=\"vc_row wpb_row vc_inner\">\r\n\t\t\t<fieldset class=\"vc_col-sm-6 wpb_column vc_column_container\">\r\n\t\t\t\t<div class=\"block\">\r\n\t\t\t\t\t<input class=\"text_input\" name=\"name\" type=\"text\" value=\"Ihr Name*\" placeholder=\"Ihr Name*\">\r\n\t\t\t\t<\/div>\r\n\t\t\t\t<div class=\"block\">\r\n\t\t\t\t\t<input class=\"text_input\" name=\"email\" type=\"text\" value=\"Ihre E-Mail-Adresse*\" placeholder=\"Ihre E-Mail-Adresse*\">\r\n\t\t\t\t<\/div>\r\n\t\t\t\t<div class=\"block\">\r\n\t\t\t\t\t<input class=\"text_input\" name=\"phone\" type=\"text\" value=\"Ihre Telefonnummer\" placeholder=\"Ihre Telefonnummer\">\r\n\t\t\t\t<\/div>\r\n\t\t\t<\/fieldset>\r\n\t\t\t<fieldset class=\"vc_col-sm-6 wpb_column vc_column_container\">\r\n\t\t\t\t<div class=\"block\">\r\n\t\t\t\t\t<textarea class=\"margin_top_10\" name=\"message\" placeholder=\"Nachricht *\">Nachricht *<\/textarea>\r\n\t\t\t\t<\/div>\r\n\t\t\t<\/fieldset>\r\n\t\t<\/div>\r\n\t\t<div class=\"vc_row wpb_row vc_inner margin-top-30\">\r\n\t\t\t<fieldset class=\"vc_col-sm-6 wpb_column vc_column_container\">\r\n\t\t\t\t<p>Wir werden Sie innerhalb eines Werktages kontaktieren.<\/p>\r\n\t\t\t<\/fieldset>\r\n\t\t\t<fieldset class=\"vc_col-sm-6 wpb_column vc_column_container align-right\">\r\n\t\t\t\t<input type=\"hidden\" name=\"action\" value=\"theme_contact_form\">\r\n\t\t\t\t<input type=\"hidden\" name=\"id\" value=\"contact_form\">\r\n\t\t\t\t<div class=\"vc_row wpb_row vc_inner margin-top-20 padding-bottom-20\">\r\n\t\t\t\t\t<a class=\"more submit-contact-form\" href=\"#\" title=\"NACHRICHT SENDEN\"><span>NACHRICHT SENDEN<\/span><\/a>\r\n\t\t\t\t<\/div>\r\n\t\t\t<\/fieldset>\r\n\t\t<\/div>\r\n\t<\/form>[\/vc_column][\/vc_row]<\/p>\n","protected":false},"excerpt":{"rendered":"<p>[vc_row][vc_column][vc_empty_space height=&#8220;50&#8243;][vc_column_text] Wir beraten Sie sehr gerne! &nbsp; Telefon \u00a0 \u00a0 \u00a0 \u00a00731 &#8211; 152 58 50 Fax \u00a0 \u00a0 \u00a0 \u00a0 \u00a0 \u00a0 \u00a0 0731 &#8211; 152 58 52 E-Mail \u00a0 \u00a0 \u00a0 \u00a0 info@zulassungsservice-bier.de [\/vc_column_text][vc_empty_space height=&#8220;100&#8243;][vc_column_text]Mit dem Absenden des Kontoaktformulars stimmen Sie der verschl\u00fcsselten \u00dcbertragung Ihrer angegeben Daten und deren Nutzung durch zum<\/p>\n","protected":false},"author":2,"featured_media":0,"parent":0,"menu_order":0,"comment_status":"closed","ping_status":"closed","template":"template-default-without-breadcrumbs.php","meta":{"_custom_body_class":"","_custom_post_class":"","footnotes":""},"_links":{"self":[{"href":"https:\/\/zulassungsservice-bier.de\/index.php\/wp-json\/wp\/v2\/pages\/62"}],"collection":[{"href":"https:\/\/zulassungsservice-bier.de\/index.php\/wp-json\/wp\/v2\/pages"}],"about":[{"href":"https:\/\/zulassungsservice-bier.de\/index.php\/wp-json\/wp\/v2\/types\/page"}],"author":[{"embeddable":true,"href":"https:\/\/zulassungsservice-bier.de\/index.php\/wp-json\/wp\/v2\/users\/2"}],"replies":[{"embeddable":true,"href":"https:\/\/zulassungsservice-bier.de\/index.php\/wp-json\/wp\/v2\/comments?post=62"}],"version-history":[{"count":10,"href":"https:\/\/zulassungsservice-bier.de\/index.php\/wp-json\/wp\/v2\/pages\/62\/revisions"}],"predecessor-version":[{"id":2067,"href":"https:\/\/zulassungsservice-bier.de\/index.php\/wp-json\/wp\/v2\/pages\/62\/revisions\/2067"}],"wp:attachment":[{"href":"https:\/\/zulassungsservice-bier.de\/index.php\/wp-json\/wp\/v2\/media?parent=62"}],"curies":[{"name":"wp","href":"https:\/\/api.w.org\/{rel}","templated":true}]}}